{"id":2,"date":"2025-02-16T20:23:40","date_gmt":"2025-02-16T20:23:40","guid":{"rendered":"https:\/\/learntodrive.geekworkers.dev\/?page_id=2"},"modified":"2025-05-26T18:48:00","modified_gmt":"2025-05-26T17:48:00","slug":"terms-conditions","status":"publish","type":"page","link":"https:\/\/l2d.ch\/fr\/terms-conditions\/","title":{"rendered":"L2D TERMS &amp; CONDITIONS"},"content":{"rendered":"<p>Les conditions g\u00e9n\u00e9rales sont valables \u00e0 partir du 12 d\u00e9cembre 2023 et peuvent \u00eatre modifi\u00e9es \u00e0 tout moment sans pr\u00e9avis. Vous acceptez nos conditions g\u00e9n\u00e9rales lorsque vous vous inscrivez \u00e0 nos cours.<\/p>\n\n\n\n<h2 class=\"wp-block-heading\"><strong>COURS DE PREMIERS SECOURS<\/strong><\/h2>\n\n\n\n<p>Un cours de premiers secours dure 10 heures. Un certificat de premiers secours a une validit\u00e9 de 6 ans.<\/p>\n\n\n\n<p>Pour finaliser l'inscription, nous vous demandons d'\u00eatre pr\u00e9sent 10 minutes avant le d\u00e9but du cours.<\/p>\n\n\n\n<p>La participation \u00e0 l'ensemble des 10 heures de cours est obligatoire pour obtenir un certificat. Si vous manquez une partie du cours, l'investissement est perdu. Tout retard de plus de 10 minutes sera consid\u00e9r\u00e9 comme une absence et entra\u00eenera l'exclusion du cours. Le professeur peut exclure un participant perturbateur \u00e0 tout moment. Aucun remboursement ni compensation ne sera accord\u00e9 en cas d'exclusion.&nbsp;<strong>Le cours de premiers secours ne peut \u00eatre annul\u00e9 et n'est en aucun cas remboursable, m\u00eame en cas de maladie ou d'accident, avec ou sans certificat m\u00e9dical.<\/strong>&nbsp;Le report des cours n'est possible que jusqu'\u00e0 4 jours ouvrables avant le d\u00e9but des cours.<\/p>\n\n\n\n<p>L2D peut annuler un cours pour quelque raison que ce soit (nombre insuffisant de participants, maladie du professeur...). Dans ce cas, vous serez inform\u00e9 dans les plus brefs d\u00e9lais.<\/p>\n\n\n\n<p>Les cours doivent \u00eatre pay\u00e9s au moment de l'inscription sur notre site web. Aucune annulation ou remboursement n'est possible dans aucune situation, m\u00eame en cas de maladie, d'accident avec ou sans certificat m\u00e9dical.<\/p>\n\n\n\n<p>Une fois inscrit(e), vous \u00eates tenu(e) de conserver le re\u00e7u du cours et de le pr\u00e9senter \u00e0 l'enseignant(e) si on vous le demande.<\/p>\n\n\n\n<h2 class=\"wp-block-heading\"><strong>COURS DE TH\u00c9ORIE<\/strong><\/h2>\n\n\n\n<p>Un cours th\u00e9orique dure 6 heures. Le cours peut \u00eatre suivi autant de fois que souhait\u00e9 pendant les 4 mois suivant l'achat.<\/p>\n\n\n\n<p>Pour finaliser le processus d'inscription, nous vous demandons d'\u00eatre pr\u00e9sent 10 minutes avant le d\u00e9but des cours.<\/p>\n\n\n\n<p>Si vous manquez une partie du cours, l'investissement est perdu. Tout retard de plus de 10 minutes sera consid\u00e9r\u00e9 comme une absence et entra\u00eenera l'exclusion du cours. Le professeur peut exclure un participant perturbateur \u00e0 tout moment. Aucun remboursement ni compensation ne sera accord\u00e9 en cas d'exclusion.&nbsp;<strong>Le cours th\u00e9orique ne peut \u00eatre annul\u00e9 et n'est en aucun cas remboursable, m\u00eame en cas de maladie ou d'accident, avec ou sans certificat m\u00e9dical.<\/strong>&nbsp;Le report des cours n'est possible que jusqu'\u00e0 4 jours ouvrables avant le d\u00e9but des cours.<\/p>\n\n\n\n<p>LD2 peut annuler un cours pour quelque raison que ce soit (nombre insuffisant de participants, maladie du professeur...). Dans ce cas, vous serez inform\u00e9 dans les plus brefs d\u00e9lais.<\/p>\n\n\n\n<p>Les cours doivent \u00eatre pay\u00e9s au moment de l'inscription sur notre site web. Aucune annulation ou remboursement n'est possible dans aucune situation, m\u00eame en cas de maladie, d'accident avec ou sans certificat m\u00e9dical.<\/p>\n\n\n\n<p>Une fois inscrit(e), vous \u00eates tenu(e) de conserver le re\u00e7u du cours et de le pr\u00e9senter \u00e0 l'enseignant(e) si on vous le demande.<\/p>\n\n\n\n<h2 class=\"wp-block-heading\"><strong>COURS DE SENSIBILISATION<\/strong><\/h2>\n\n\n\n<p>Un cours de sensibilisation dure 8 heures. Les certificats de sensibilisation sont valables \u00e0 vie.<\/p>\n\n\n\n<p>Pour finaliser le processus d'inscription, nous vous demandons d'\u00eatre pr\u00e9sent 10 minutes avant le d\u00e9but des cours.<\/p>\n\n\n\n<p>La participation aux 8 heures de cours est obligatoire pour obtenir un certificat. Si vous manquez une partie du cours, l'investissement est perdu. Tout retard de plus de 10 minutes sera consid\u00e9r\u00e9 comme une absence et entra\u00eenera l'exclusion du cours. Une feuille de pr\u00e9sence doit \u00eatre sign\u00e9e chaque jour. Une signature manquante entra\u00eenera l'exclusion du cours. Vous \u00eates tenu d'\u00eatre \u00e0 l'heure et en possession de votre permis provisoire tous les jours. Le professeur peut exclure un participant perturbateur \u00e0 tout moment. Aucun remboursement ni compensation ne sera accord\u00e9 en cas d'exclusion.&nbsp;<strong>Le cours de sensibilisation ne peut \u00eatre annul\u00e9 et n'est en aucun cas remboursable, m\u00eame en cas de maladie ou d'accident, avec ou sans certificat m\u00e9dical.<\/strong>&nbsp;Le report des cours n'est possible que jusqu'\u00e0 4 jours ouvrables avant le d\u00e9but des cours.<\/p>\n\n\n\n<p>L2D peut annuler un cours pour quelque raison que ce soit (nombre insuffisant de participants, maladie du professeur...). Dans ce cas, vous serez inform\u00e9 dans les plus brefs d\u00e9lais.<\/p>\n\n\n\n<p>Les cours doivent \u00eatre pay\u00e9s au moment de l'inscription sur notre site web. Aucune annulation ou remboursement n'est possible dans aucune situation, m\u00eame en cas de maladie, d'accident avec ou sans certificat m\u00e9dical.<\/p>\n\n\n\n<p>Une fois inscrit(e), vous \u00eates tenu(e) de conserver le re\u00e7u du cours et de le pr\u00e9senter \u00e0 l'enseignant(e) si on vous le demande.<\/p>\n\n\n\n<h2 class=\"wp-block-heading\"><strong>COURS DE MOTOCYCLISME<\/strong><\/h2>\n\n\n\n<p>Le cours de moto de 12h est divis\u00e9 en 3 parties.<\/p>\n\n\n\n<p>Les parties 1, 2 et 3 durent 4 heures chacune.<\/p>\n\n\n\n<p>Les parties 1, 2 et 3 doivent \u00eatre suivies dans l'ordre chronologique.<\/p>\n\n\n\n<p><strong>L'exclusion d'une partie (1 ou 2) entra\u00eene automatiquement l'exclusion de la partie 3.<\/strong><\/p>\n\n\n\n<p>Pour participer au cours, vous devez apporter votre propre moto dont la puissance correspond aux exigences de votre permis provisoire. Le cours de moto de 12h n'est pas un cours pour d\u00e9butants, mais un cours avanc\u00e9. Vous devez ma\u00eetriser votre v\u00e9hicule avant de participer aux cours. Vous devez \u00eatre \u00e9quip\u00e9 selon les r\u00e8gles de s\u00e9curit\u00e9 routi\u00e8re : blouson, gants, casque, pantalon, chaussures ferm\u00e9es. Nous vous recommandons vivement de pr\u00e9voir un v\u00eatement de pluie en cas de mauvais temps. Assurez-vous d'avoir fait le plein avant de commencer le stage. Les motos doivent \u00eatre en \u00e9tat de marche : freins efficaces, pneus en bon \u00e9tat, etc. Pour le cours de 12 heures, vous devez apporter une moto d'une puissance d'au moins 11 kW. Selon l'Office f\u00e9d\u00e9ral des routes (OFROU), l'Office des automobiles de Gen\u00e8ve (OCV) et le Bureau de pr\u00e9vention des accidents (BPA), l'enseignant peut exclure tout \u00e9l\u00e8ve ne r\u00e9pondant pas aux exigences mentionn\u00e9es. En cas de non-respect de ces exigences, vous \u00eates tenu pour responsable de la situation. Tout retard de plus de 10 minutes sera consid\u00e9r\u00e9 comme une absence et entra\u00eenera l'exclusion du cours. Une feuille de pr\u00e9sence doit \u00eatre sign\u00e9e chaque jour. L'absence de signature entra\u00eenera l'exclusion du cours. Vous devez \u00eatre \u00e0 l'heure et en possession de votre permis provisoire et de votre carte grise pour chaque cours. Le professeur peut \u00e0 tout moment exclure un participant perturbateur. Aucun remboursement ni compensation ne sera accord\u00e9 en cas d'exclusion.&nbsp;<strong>Le cours de motocyclisme ne peut \u00eatre annul\u00e9 et n'est en aucun cas remboursable, m\u00eame en cas de maladie ou d'accident, avec ou sans certificat m\u00e9dical.<\/strong>&nbsp;Le report d'un cours n'est possible que jusqu'\u00e0 4 jours ouvrables avant le d\u00e9but du cours.<\/p>\n\n\n\n<p>L2Dt peut annuler un cours pour quelque raison que ce soit (nombre insuffisant de participants, maladie du professeur...). Dans ce cas, vous serez inform\u00e9 dans les plus brefs d\u00e9lais.<\/p>\n\n\n\n<p>Les cours doivent \u00eatre pay\u00e9s au moment de l'inscription sur notre site web. Aucune annulation ou remboursement n'est possible dans aucune situation, m\u00eame en cas de maladie, d'accident avec ou sans certificat m\u00e9dical.<\/p>\n\n\n\n<p>Une fois inscrit(e), vous \u00eates tenu(e) de conserver le re\u00e7u du cours et de le pr\u00e9senter \u00e0 l'enseignant(e) si on vous le demande.<\/p>\n\n\n\n<h2 class=\"wp-block-heading\"><strong>LE\u00c7ONS DE CONDUITE<\/strong><\/h2>\n\n\n\n<p>Une le\u00e7on de conduite avec une voiture automatique dure 90 minutes. Vous devez \u00eatre en possession d'un permis provisoire ou d'un permis de conduire \u00e9tranger en cours de validit\u00e9 pour chaque le\u00e7on de conduite.<\/p>\n\n\n\n<p>Le paiement doit \u00eatre effectu\u00e9 directement aupr\u00e8s de l'instructeur de conduite.<\/p>\n\n\n\n<p><strong>Les cours de conduite ne peuvent \u00eatre annul\u00e9s et ne sont en aucun cas remboursables, m\u00eame en cas de maladie ou d'accident, avec ou sans certificat m\u00e9dical.<\/strong>&nbsp;Le report d'un cours n'est possible que jusqu'\u00e0 3 jours ouvrables avant le d\u00e9but du cours.<\/p>\n\n\n\n<h2 class=\"wp-block-heading\"><strong>Forfaits de conduite<\/strong><\/h2>\n\n\n\n<p>Les le\u00e7ons de conduite \u00e0 prix r\u00e9duit ou les forfaits achet\u00e9s doivent \u00eatre pay\u00e9s \u00e0 l'avance sur notre site web ou directement aupr\u00e8s de nos instructeurs de conduite. Les cours en forfaits restent valables pendant 12 mois apr\u00e8s l'achat.&nbsp;<strong>Aucune annulation ou remboursement n'est possible dans aucune situation, m\u00eame en cas de maladie ou d'accident, avec ou sans certificat m\u00e9dical.<\/strong>.<\/p>","protected":false},"excerpt":{"rendered":"<p>Terms &amp; conditions are valid from December 12th, 2023, and can be modified at any time without prior notice. You agree with our terms and conditions when registering to our courses. FIRST AID COURSES A first aid course lasts for 10 hours. A First aid certificate has a validity of 6 years. To finalize the [&hellip;]<\/p>\n","protected":false},"author":1,"featured_media":0,"parent":0,"menu_order":0,"comment_status":"closed","ping_status":"open","template":"","meta":{"footnotes":""},"class_list":["post-2","page","type-page","status-publish","hentry"],"_links":{"self":[{"href":"https:\/\/l2d.ch\/fr\/wp-json\/wp\/v2\/pages\/2","targetHints":{"allow":["GET"]}}],"collection":[{"href":"https:\/\/l2d.ch\/fr\/wp-json\/wp\/v2\/pages"}],"about":[{"href":"https:\/\/l2d.ch\/fr\/wp-json\/wp\/v2\/types\/page"}],"author":[{"embeddable":true,"href":"https:\/\/l2d.ch\/fr\/wp-json\/wp\/v2\/users\/1"}],"replies":[{"embeddable":true,"href":"https:\/\/l2d.ch\/fr\/wp-json\/wp\/v2\/comments?post=2"}],"version-history":[{"count":2,"href":"https:\/\/l2d.ch\/fr\/wp-json\/wp\/v2\/pages\/2\/revisions"}],"predecessor-version":[{"id":681,"href":"https:\/\/l2d.ch\/fr\/wp-json\/wp\/v2\/pages\/2\/revisions\/681"}],"wp:attachment":[{"href":"https:\/\/l2d.ch\/fr\/wp-json\/wp\/v2\/media?parent=2"}],"curies":[{"name":"wp","href":"https:\/\/api.w.org\/{rel}","templated":true}]}}