{"id":3,"date":"2025-02-16T20:23:40","date_gmt":"2025-02-16T20:23:40","guid":{"rendered":"https:\/\/learntodrive.geekworkers.dev\/?page_id=3"},"modified":"2025-02-24T11:30:49","modified_gmt":"2025-02-24T10:30:49","slug":"privacy-policy","status":"publish","type":"page","link":"https:\/\/l2d.ch\/fr\/privacy-policy\/","title":{"rendered":"Politique de confidentialit\u00e9"},"content":{"rendered":"<p>Cette politique de confidentialit\u00e9 a \u00e9t\u00e9 mise \u00e0 jour pour la derni\u00e8re fois le 12 d\u00e9cembre<sup>th<\/sup>, 2023.<\/p>\n\n\n\n<h2 class=\"wp-block-heading\">INTRODUCTION<\/h2>\n\n\n\n<p>L2D s'engage \u00e0 assurer la protection et la confidentialit\u00e9 des donn\u00e9es personnelles et s'efforce de fournir le plus haut niveau de protection de vos donn\u00e9es personnelles conform\u00e9ment \u00e0 la r\u00e9glementation applicable en mati\u00e8re de protection des donn\u00e9es personnelles.<\/p>\n\n\n\n<p>La pr\u00e9sente politique de confidentialit\u00e9 r\u00e9git l'utilisation de notre site web et de nos services. Elle explique comment nous collectons, utilisons, partageons et prot\u00e9geons les informations personnelles que vous nous fournissez. Elle explique \u00e9galement vos droits en mati\u00e8re de protection de la vie priv\u00e9e et la mani\u00e8re dont vous pouvez les exercer.<\/p>\n\n\n\n<h2 class=\"wp-block-heading\">LES DONN\u00c9ES COLLECT\u00c9ES<\/h2>\n\n\n\n<p>L2D veille \u00e0 ne traiter que les donn\u00e9es \u00e0 caract\u00e8re personnel strictement n\u00e9cessaires aux finalit\u00e9s d\u00e9taill\u00e9es ci-dessus. Outre les informations n\u00e9cessaires \u00e0 la connexion (telles que votre nom, votre adresse \u00e9lectronique, etc.), seules des informations relatives \u00e0 votre expertise, \u00e0 vos comp\u00e9tences ou \u00e0 vos perspectives professionnelles vous seront demand\u00e9es.<\/p>\n\n\n\n<h3 class=\"wp-block-heading\">LES DONN\u00c9ES QUE VOUS NOUS FOURNISSEZ<\/h3>\n\n\n\n<p>Les donn\u00e9es que nous traitons sont principalement celles que vous nous fournissez par le biais de nos formulaires d'inscription. Il s'agit notamment de vos donn\u00e9es d'identification et de vos coordonn\u00e9es.<\/p>\n\n\n\n<p>Le caract\u00e8re obligatoire des donn\u00e9es collect\u00e9es vous est indiqu\u00e9 par un message lors du processus de collecte. La fourniture de certaines donn\u00e9es n'est obligatoire que lorsqu'elle est n\u00e9cessaire au traitement de votre demande et \u00e0 l'apport d'une r\u00e9ponse pertinente.<\/p>\n\n\n\n<p>Si les donn\u00e9es obligatoires ne sont pas fournies, nous ne serons pas en mesure de vous fournir le service demand\u00e9.<\/p>\n\n\n\n<p>Nous traitons \u00e9galement les donn\u00e9es que vous t\u00e9l\u00e9chargez sur nos sites web et nos applications. Nous ne demandons jamais d'informations sensibles (telles que l'origine raciale ou ethnique, les opinions politiques, les croyances religieuses ou philosophiques, l'appartenance \u00e0 un syndicat, la sant\u00e9, l'orientation sexuelle). Nous vous d\u00e9conseillons de fournir de telles donn\u00e9es lorsque vous utilisez nos services.<\/p>\n\n\n\n<h3 class=\"wp-block-heading\">LES DONN\u00c9ES RELATIVES \u00c0 L'UTILISATION DE NOS SERVICES<\/h3>\n\n\n\n<p>Lorsque vous visitez notre site web ou utilisez nos services, nous pouvons \u00e9galement collecter automatiquement certaines informations, notamment votre adresse IP, le type de navigateur que vous utilisez, les pages que vous visitez, les dates et heures d'acc\u00e8s, ainsi que d'autres statistiques.<\/p>\n\n\n\n<h2 class=\"wp-block-heading\">UTILISATION DES DONN\u00c9ES COLLECT\u00c9ES<\/h2>\n\n\n\n<p>Nous utilisons vos informations personnelles pour fournir et am\u00e9liorer notre site web et nos services, traiter vos transactions, vous envoyer des mises \u00e0 jour, r\u00e9pondre \u00e0 vos demandes, vous envoyer des publicit\u00e9s cibl\u00e9es, assurer la s\u00e9curit\u00e9 de notre site web, nous conformer \u00e0 la loi et \u00e0 d'autres fins commerciales l\u00e9gitimes.<\/p>\n\n\n\n<h2 class=\"wp-block-heading\">LES DESTINATAIRES DES DONN\u00c9ES COLLECT\u00c9ES<\/h2>\n\n\n\n<h3 class=\"wp-block-heading\">PARTAGE AVEC DES PRESTATAIRES DE SERVICES<\/h3>\n\n\n\n<p>Nous pouvons partager vos informations personnelles avec des prestataires de services tiers qui nous aident \u00e0 fournir notre site web et nos services. Ces prestataires de services ne sont pas autoris\u00e9s \u00e0 utiliser vos informations \u00e0 leurs propres fins.<\/p>\n\n\n\n<h3 class=\"wp-block-heading\">PARTAGE POUR LES EXIGENCES L\u00c9GALES<\/h3>\n\n\n\n<p>Nous pouvons divulguer vos informations personnelles si la loi nous y oblige ou si nous estimons de bonne foi que cela est n\u00e9cessaire pour respecter la loi, prot\u00e9ger nos droits ou nos biens, ou assurer la s\u00e9curit\u00e9 de nos utilisateurs.<\/p>\n\n\n\n<h2 class=\"wp-block-heading\">LA S\u00c9CURIT\u00c9 DES DONN\u00c9ES COLLECT\u00c9ES<\/h2>\n\n\n\n<p>L2D s'engage \u00e0 mettre en \u0153uvre une politique de s\u00e9curit\u00e9 appropri\u00e9e, qui se traduit par des mesures de s\u00e9curit\u00e9 logiques et physiques sp\u00e9cifiquement adapt\u00e9es \u00e0 nos op\u00e9rations. Diff\u00e9rents audits sont men\u00e9s au sein de notre infrastructure.<\/p>\n\n\n\n<p>Les principes suivants r\u00e9gissent le d\u00e9veloppement de sites web et d'applications, tant au niveau de l'infrastructure technique (h\u00e9bergement redondant s\u00e9curis\u00e9, contr\u00f4le d'acc\u00e8s et politique de s\u00e9curit\u00e9) que du point de vue des applications (d\u00e9veloppement de sites web et d'applications) :<\/p>\n\n\n\n<ul class=\"wp-block-list\">\n<li>Collecte s\u00e9curis\u00e9e des donn\u00e9es<\/li>\n\n\n\n<li>Stockage garantissant l'int\u00e9grit\u00e9 et la confidentialit\u00e9 des donn\u00e9es<\/li>\n\n\n\n<li>S\u00e9curiser les environnements de d\u00e9veloppement<\/li>\n\n\n\n<li>S\u00e9curiser l'acc\u00e8s aux donn\u00e9es<\/li>\n\n\n\n<li>Formation r\u00e9guli\u00e8re de nos \u00e9quipes techniques<\/li>\n\n\n\n<li>Limitation volontaire de l'externalisation (infrastructure, services et d\u00e9veloppement) et travail avec des ensembles de donn\u00e9es de test anonymes<\/li>\n<\/ul>\n\n\n\n<h2 class=\"wp-block-heading\">VOS DROITS<\/h2>\n\n\n\n<p>Conform\u00e9ment \u00e0 la r\u00e9glementation, vous disposez d'un droit d'acc\u00e8s, de rectification, d'effacement, d'opposition et de portabilit\u00e9 des donn\u00e9es pour toutes les donn\u00e9es vous concernant.<\/p>\n\n\n\n<p>Vous avez \u00e9galement le droit de restreindre le traitement de vos donn\u00e9es personnelles. En outre, toute personne a le droit de ne pas faire l'objet d'une d\u00e9cision fond\u00e9e exclusivement sur un traitement automatis\u00e9, y compris le profilage. Si vous avez donn\u00e9 votre accord pour le traitement de vos donn\u00e9es personnelles, vous pouvez le retirer \u00e0 tout moment.<\/p>\n\n\n\n<p>Vous pouvez exercer ces droits gratuitement, \u00e0 l'exception des frais li\u00e9s \u00e0 la transmission de la demande, en vous adressant aux adresses suivantes :<\/p>\n\n\n\n<ul class=\"wp-block-list\">\n<li>par courrier \u00e9lectronique : <a href=\"mailto:info@l2d.ch\">info@l2d.ch<\/a><\/li>\n\n\n\n<li>par courrier : L2D, 8 Bvd James-Fazy, 1201 Gen\u00e8ve<\/li>\n<\/ul>\n\n\n\n<h2 class=\"wp-block-heading\">CONTACT<\/h2>\n\n\n\n<p>Pour toute demande concernant la politique de protection des donn\u00e9es personnelles mise en \u0153uvre par L2D, vous pouvez nous contacter \u00e0 l'adresse suivante : L2D, 8 Bvd James-Fazy, 1201 Gen\u00e8ve, Suisse.<\/p>\n\n\n\n<h2 class=\"wp-block-heading\">POLITIQUE DE GESTION DES COOKIES<\/h2>\n\n\n\n<p>Nous utilisons des cookies et des technologies similaires pour collecter et analyser des informations sur l'utilisation de notre site et pour personnaliser notre contenu et nos publicit\u00e9s. Vous pouvez refuser l'utilisation de cookies en modifiant les param\u00e8tres de votre navigateur.<\/p>\n\n\n\n<h3 class=\"wp-block-heading\">QU'EST-CE QU'UN COOKIE ?<\/h3>\n\n\n\n<p>Un cookie est un petit fichier simple envoy\u00e9 avec les pages de ce site web et stock\u00e9 par votre navigateur sur le disque dur de votre ordinateur ou d'un autre appareil. Les informations qu'il contient peuvent \u00eatre renvoy\u00e9es \u00e0 nos serveurs ou aux serveurs des tiers concern\u00e9s lors d'une visite ult\u00e9rieure.<\/p>\n\n\n\n<h3 class=\"wp-block-heading\">QU'EST-CE QU'UN SCRIPT ?<\/h3>\n\n\n\n<p>Un script est un morceau de code utilis\u00e9 pour faire fonctionner notre site web correctement et de mani\u00e8re interactive. Ce code est ex\u00e9cut\u00e9 soit sur notre serveur, soit sur votre appareil.<\/p>\n\n\n\n<h3 class=\"wp-block-heading\">QU'EST-CE QU'UNE \u00c9TIQUETTE INVISIBLE ?<\/h3>\n\n\n\n<p>Une balise invisible (ou balise web) est un petit morceau de texte ou d'image invisible sur un site web, utilis\u00e9 pour suivre le trafic sur un site web. Diverses donn\u00e9es vous concernant sont stock\u00e9es \u00e0 l'aide des balises invisibles.<\/p>\n\n\n\n<h3 class=\"wp-block-heading\">COOKIES UTILIS\u00c9S<\/h3>\n\n\n\n<p>Exig\u00e9e<\/p>\n\n\n\n<figure class=\"wp-block-table is-style-stripes\"><table class=\"has-fixed-layout\"><thead><tr><th><strong>Nom du cookie<\/strong><\/th><th><strong>Dur\u00e9e du stockage<\/strong><\/th><th><strong>Objectif<\/strong><\/th><th><strong>Outil<\/strong><\/th><\/tr><\/thead><tbody><tr><td>phpssid<\/td><td>session<\/td><td>Fournir des fonctions entre les pages<\/td><td>PHP<\/td><\/tr><tr><td>wp-settings-*<\/td><td>persistant<\/td><td>Pour enregistrer les pr\u00e9f\u00e9rences de l'utilisateur.<\/td><td>WordPress<\/td><\/tr><tr><td>wp-settings-time-*<\/td><td>1 an<\/td><td>Pour enregistrer les pr\u00e9f\u00e9rences de l'utilisateur.<\/td><td>WordPress<\/td><\/tr><tr><td>wc_cart_hash_*<\/td><td>session<\/td><td>Pour stocker des articles dans le panier d'achat.<\/td><td>Woocommerce<\/td><\/tr><tr><td>cookieyes-consent<\/td><td>1 an<\/td><td>Stocker les pr\u00e9f\u00e9rences en mati\u00e8re de consentement aux cookies.<\/td><td>CookieOui<\/td><\/tr><tr><td>wordpress_test_cookie<\/td><td>session<\/td><td>Pour savoir si des cookies peuvent \u00eatre plac\u00e9s.<\/td><td>WordPress<\/td><\/tr><tr><td>WP_DATA_USER_*<\/td><td>persistante<\/td><td>Fournir des fonctions d'administration.<\/td><td>WordPress<\/td><\/tr><tr><td>WP_PREFERENCES_USER_*<\/td><td>persistante<\/td><td>Pour enregistrer les pr\u00e9f\u00e9rences de l'utilisateur<\/td><td>WordPress<\/td><\/tr><\/tbody><\/table><\/figure>\n\n\n\n<p>Fonctionnel<\/p>\n\n\n\n<figure class=\"wp-block-table is-style-stripes\"><table class=\"has-fixed-layout\"><thead><tr><td><strong>Nom du cookie<\/strong><strong><\/strong><\/td><td><strong>Dur\u00e9e du stockage<\/strong><\/td><td><strong>Objectif<\/strong><\/td><td><strong>Outil<\/strong><\/td><\/tr><\/thead><tbody><tr><td>_grecaptcha<\/td><td>session<\/td><td>Pour assurer la protection contre le spam.<\/td><td>Google reCAPTCHA<\/td><\/tr><\/tbody><\/table><\/figure>\n\n\n\n<p>Statistiques<\/p>\n\n\n\n<figure class=\"wp-block-table is-style-stripes\"><table class=\"has-fixed-layout\"><thead><tr><td><strong>Nom du cookie<\/strong><strong><\/strong><\/td><td><strong>Dur\u00e9e du stockage<\/strong><\/td><td><strong>Objectif<\/strong><\/td><td><strong>Outil<\/strong><\/td><\/tr><\/thead><tbody><tr><td>La loi sur l'immigration et la protection des r\u00e9fugi\u00e9s (LIPR)<\/td><td>1 an<\/td><td>Pour stocker et compter les pages vues.<\/td><td>Google Analytics<\/td><\/tr><tr><td>_ga<\/td><td>2 ans<\/td><td>Pour stocker et compter les pages vues.<\/td><td>Google Analytics<\/td><\/tr><tr><td>_gid<\/td><td>1 jour<\/td><td>Pour stocker et compter les pages vues.<\/td><td>Google Analytics<\/td><\/tr><tr><td>_gat_gtag_UA_*<\/td><td>1 minute<\/td><td>Pour enregistrer un num\u00e9ro d'identification unique de l'utilisateur.<\/td><td>Google Analytics<\/td><\/tr><tr><td>_gac_UA-*<\/td><td>90 jours<\/td><td>Pour stocker et compter les pages vues.<\/td><td>Google Ads, Google Analytics<\/td><\/tr><tr><td>Drift.Targeting.lastVisit<\/td><td>persistante<\/td><td>M\u00e9moriser la derni\u00e8re visite.<\/td><td>D\u00e9rive<\/td><\/tr><tr><td>__utma<\/td><td>persistante<\/td><td>Pour enregistrer le calcul des jours et du temps n\u00e9cessaires \u00e0 l'achat.<\/td><td>Google Analytics<\/td><\/tr><tr><td>_at.hist.*<\/td><td>persistante<\/td><td>Stocker l'historique d'utilisation de l'utilisateur.<\/td><td>AddThis par Oracle<\/td><\/tr><tr><td>__utmc<\/td><td>30 minutes<\/td><td>Pour m\u00e9moriser l'heure de la visite.<\/td><td>Google Analytics<\/td><\/tr><tr><td>Drift.Targeting.firstVisit<\/td><td>persistante<\/td><td>Pour m\u00e9moriser l'heure de la visite.<\/td><td>D\u00e9rive<\/td><\/tr><tr><td>Drift.Targeting.numberOfSessions<\/td><td>persistante<\/td><td>Pour enregistrer le nombre de visites.<\/td><td>D\u00e9rive<\/td><\/tr><tr><td>Drift.Targeting.numberOfVisits<\/td><td>persistante<\/td><td>Pour enregistrer le nombre de visites.<\/td><td>D\u00e9rive<\/td><\/tr><tr><td>Drift.Targeting.currentSessionStartedAt<\/td><td>persistante<\/td><td>Pour m\u00e9moriser l'heure de la visite.<\/td><td>D\u00e9rive<\/td><\/tr><tr><td>Drift.Targeting.previousPage<\/td><td>persistante<\/td><td>Pour stocker et compter les pages vues.<\/td><td>D\u00e9rive<\/td><\/tr><tr><td>Drift.Targeting.currentPageViewStarted<\/td><td>persistante<\/td><td>Pour m\u00e9moriser l'heure de la visite.<\/td><td>D\u00e9rive<\/td><\/tr><tr><td>Drift.Targeting.originalReferrer<\/td><td>persistante<\/td><td>Pour stocker les identifiants des r\u00e9f\u00e9rents.<\/td><td>D\u00e9rive<\/td><\/tr><tr><td>Drift.Targeting.currentReferrer<\/td><td>persistante<\/td><td>Pour stocker les identifiants des r\u00e9f\u00e9rents.<\/td><td>D\u00e9rive<\/td><\/tr><tr><td>Drift.Targeting.currentReferrerDomain<\/td><td><\/td><td><\/td><td>D\u00e9rive<\/td><\/tr><tr><td>mp_*_mixpanel<\/td><td>1 an<\/td><td>Pour analyser le trafic des pages.<\/td><td>Mixpanel<\/td><\/tr><\/tbody><\/table><\/figure>\n\n\n\n<p>Marketing<\/p>\n\n\n\n<figure class=\"wp-block-table is-style-stripes\"><table class=\"has-fixed-layout\"><thead><tr><td><strong>Nom du cookie<\/strong><strong><\/strong><\/td><td><strong>Dur\u00e9e du stockage<\/strong><\/td><td><strong>Objectif<\/strong><\/td><td><strong>Outil<\/strong><\/td><\/tr><\/thead><tbody><tr><td>_fbp<\/td><td>3 mois<\/td><td>Stocker et suivre les visites sur les sites web.<\/td><td>Facebook<\/td><\/tr><tr><td>_gcl_au<\/td><td>persistante<\/td><td>Pour stocker et suivre les conversions.<\/td><td>Google Adsense<\/td><\/tr><tr><td>_gcl_aw<\/td><td>90 jours<\/td><td>Pour assurer la diffusion d'annonces ou le reciblage.<\/td><td>Annonces Google<\/td><\/tr><tr><td>_fbc<\/td><td>2 ans<\/td><td>M\u00e9moriser la derni\u00e8re visite.<\/td><td>Facebook<\/td><\/tr><\/tbody><\/table><\/figure>\n\n\n\n<p>Autres<\/p>\n\n\n\n<figure class=\"wp-block-table is-style-stripes\"><table class=\"has-fixed-layout\"><thead><tr><td><strong>Nom du cookie<\/strong><strong><\/strong><\/td><td><strong>Dur\u00e9e du stockage<\/strong><\/td><td><strong>Objectif<\/strong><\/td><td><strong>Outil<\/strong><\/td><\/tr><\/thead><tbody><tr><td>Derni\u00e8re heure de r\u00e9f\u00e9rence externe<\/td><td><\/td><td><\/td><td><\/td><\/tr><tr><td>lastExternalReferrer<\/td><td><\/td><td><\/td><td><\/td><\/tr><tr><td>wc_postfinancecheckout_device_id<\/td><td><\/td><td><\/td><td><\/td><\/tr><tr><td>code pays joinchat<\/td><td><\/td><td><\/td><td><\/td><\/tr><tr><td>d\u00e9bogage<\/td><td><\/td><td><\/td><td><\/td><\/tr><tr><td>niveau du journal<\/td><td><\/td><td><\/td><td><\/td><\/tr><tr><td>\u00e0-rand<\/td><td><\/td><td><\/td><td><\/td><\/tr><tr><td>at-lojson-cache-ra-57a04d4fcc729d20<\/td><td><\/td><td><\/td><td><\/td><\/tr><tr><td>_at.cww<\/td><td><\/td><td><\/td><td><\/td><\/tr><tr><td>__mpq_17bbce2e5b921333cec9ae737232b638_ev<\/td><td><\/td><td><\/td><td><\/td><\/tr><tr><td>ip<\/td><td><\/td><td><\/td><td><\/td><\/tr><tr><td>a fait<\/td><td><\/td><td><\/td><td><\/td><\/tr><\/tbody><\/table><\/figure>\n\n\n\n<h3 class=\"wp-block-heading\">CONSENTEMENT<\/h3>\n\n\n\n<p>Lorsque vous visitez notre site web pour la premi\u00e8re fois, nous affichons une fen\u00eatre contextuelle contenant des explications sur les cookies. Lorsque vous cliquez sur \"Enregistrer les pr\u00e9f\u00e9rences\", vous nous autorisez \u00e0 utiliser les cat\u00e9gories de cookies et d'extensions que vous avez s\u00e9lectionn\u00e9es dans la fen\u00eatre contextuelle, comme d\u00e9crit dans la pr\u00e9sente politique en mati\u00e8re de cookies. Vous pouvez d\u00e9sactiver l'utilisation des cookies via votre navigateur, mais veuillez noter que notre site web pourrait ne pas fonctionner correctement.<\/p>\n\n\n\n<figure class=\"wp-block-table is-style-stripes\"><table class=\"has-fixed-layout\"><thead><tr><td><strong>Cat\u00e9gorie<\/strong><strong><\/strong><\/td><td><strong>Description<\/strong><\/td><\/tr><\/thead><tbody><tr><td>Exig\u00e9e<\/td><td>Les cookies n\u00e9cessaires permettent d'assurer les fonctions de base de ce site, telles que la connexion s\u00e9curis\u00e9e ou l'ajustement de vos pr\u00e9f\u00e9rences en mati\u00e8re de consentement. Ces cookies ne stockent aucune donn\u00e9e personnelle identifiable.<\/td><\/tr><tr><td>Fonctionnel<\/td><td>Les cookies fonctionnels am\u00e9liorent la fonctionnalit\u00e9 du site web en m\u00e9morisant les choix que vous avez faits (tels que votre nom d'utilisateur, votre langue ou votre r\u00e9gion) et en fournissant des fonctionnalit\u00e9s am\u00e9lior\u00e9es et plus personnelles.<\/td><\/tr><tr><td>Statistiques<\/td><td>Les cookies analytiques nous aident \u00e0 am\u00e9liorer notre site web en collectant et en communiquant des informations sur son utilisation.<\/td><\/tr><tr><td>Marketing<\/td><td>Les cookies marketing nous aident \u00e0 am\u00e9liorer la pertinence des campagnes publicitaires que vous voyez.<\/td><\/tr><\/tbody><\/table><\/figure>\n\n\n\n<h3 class=\"wp-block-heading\">COMMENT G\u00c9RER LES COOKIES ?<\/h3>\n\n\n\n<p>Il est possible qu'apr\u00e8s votre premi\u00e8re visite sur ce site web, nous modifiions les cookies que nous utilisons. La pr\u00e9sente politique en mati\u00e8re de cookies vous informera sur l'origine des cookies plac\u00e9s sur notre site et sur leur finalit\u00e9, et vous fournira des instructions sur la mani\u00e8re de les d\u00e9sactiver. Nous vous invitons donc \u00e0 la consulter r\u00e9guli\u00e8rement.<\/p>\n\n\n\n<p>Vous disposez de plusieurs options pour g\u00e9rer les cookies. Tout param\u00e9trage que vous entreprendrez sera susceptible de modifier votre navigation sur internet et vos conditions d'acc\u00e8s \u00e0 certains services n\u00e9cessitant l'utilisation de cookies. Vous pouvez \u00e0 tout moment choisir d'exprimer et de modifier vos pr\u00e9f\u00e9rences en mati\u00e8re de cookies en les d\u00e9sactivant dans votre navigateur web ou en refusant la cr\u00e9ation de cookies :<\/p>\n\n\n\n<h4 class=\"wp-block-heading\">PARAM\u00c8TRES DU NAVIGATEUR<\/h4>\n\n\n\n<ul class=\"wp-block-list\">\n<li>Pour Chrome : \u27a1\ufe0f<a href=\"https:\/\/support.google.com\/chrome\/answer\/95647?hl=en\" target=\"_blank\" rel=\"noopener\">ici<\/a><\/li>\n\n\n\n<li>Pour Internet Explorer : \u27a1\ufe0f<a href=\"https:\/\/support.microsoft.com\/en-gb\/windows\/delete-and-manage-cookies-168dab11-0753-043d-7c16-ede5947fc64d\" target=\"_blank\" rel=\"noopener\">ici<\/a><\/li>\n\n\n\n<li>Pour Edge : \u27a1\ufe0f<a href=\"https:\/\/support.microsoft.com\/en-gb\/microsoft-edge\/delete-cookies-in-microsoft-edge-63947406-40ac-c3b8-57b9-2a946a29ae09\" data-type=\"link\" data-id=\"https:\/\/support.microsoft.com\/en-gb\/microsoft-edge\/delete-cookies-in-microsoft-edge-63947406-40ac-c3b8-57b9-2a946a29ae09\" target=\"_blank\" rel=\"noopener\">ici<\/a><\/li>\n\n\n\n<li>Pour FireFox : \u27a1\ufe0f<a href=\"https:\/\/support.mozilla.org\/en-US\/kb\/cookies-information-websites-store-on-your-computer\" data-type=\"link\" data-id=\"https:\/\/support.mozilla.org\/en-US\/kb\/cookies-information-websites-store-on-your-computer\" target=\"_blank\" rel=\"noopener\">ici<\/a><\/li>\n\n\n\n<li>Pour Safari : \u27a1\ufe0f <a href=\"https:\/\/support.apple.com\/en-gb\/guide\/safari\/sfri11471\/mac\" data-type=\"link\" data-id=\"https:\/\/support.apple.com\/en-gb\/guide\/safari\/sfri11471\/mac\" target=\"_blank\" rel=\"noopener\">ici<\/a><\/li>\n\n\n\n<li>Pour Opera : \u27a1\ufe0f<a href=\"https:\/\/help.opera.com\/en\/latest\/web-preferences\/#cookies\" data-type=\"link\" data-id=\"https:\/\/help.opera.com\/en\/latest\/web-preferences\/#cookies\" target=\"_blank\" rel=\"noopener\">ici<\/a><\/li>\n<\/ul>\n\n\n\n<h2 class=\"wp-block-heading\">LIENS VERS D'AUTRES SITES WEB<\/h2>\n\n\n\n<p>Notre site web peut contenir des liens vers d'autres sites que nous ne contr\u00f4lons pas. Si vous cliquez sur un lien vers un autre site, vous serez redirig\u00e9 vers ce site. Nous vous recommandons de consulter la politique de confidentialit\u00e9 de chaque site que vous visitez.<\/p>\n\n\n\n<h2 class=\"wp-block-heading\">MISE \u00c0 JOUR DE LA POLITIQUE DE PROTECTION DES DONN\u00c9ES<\/h2>\n\n\n\n<p>Nous pouvons mettre \u00e0 jour notre politique de confidentialit\u00e9 de temps \u00e0 autre. Nous publierons la nouvelle politique de confidentialit\u00e9 sur cette page et mettrons \u00e0 jour la \"date d'entr\u00e9e en vigueur\" en haut de cette politique de confidentialit\u00e9. Nous vous recommandons de consulter r\u00e9guli\u00e8rement cette politique de confidentialit\u00e9.<\/p>","protected":false},"excerpt":{"rendered":"<p>This privacy policy was last updated on December 12th, 2023. INTRODUCTION L2D is committed to the protection and confidentiality of personal data and strives to provide the highest level of protection for your personal data in compliance with the applicable regulations on personal data protection. This Privacy Policy governs the use of our website and [&hellip;]<\/p>\n","protected":false},"author":1,"featured_media":0,"parent":0,"menu_order":0,"comment_status":"closed","ping_status":"open","template":"","meta":{"footnotes":""},"class_list":["post-3","page","type-page","status-publish","hentry"],"_links":{"self":[{"href":"https:\/\/l2d.ch\/fr\/wp-json\/wp\/v2\/pages\/3","targetHints":{"allow":["GET"]}}],"collection":[{"href":"https:\/\/l2d.ch\/fr\/wp-json\/wp\/v2\/pages"}],"about":[{"href":"https:\/\/l2d.ch\/fr\/wp-json\/wp\/v2\/types\/page"}],"author":[{"embeddable":true,"href":"https:\/\/l2d.ch\/fr\/wp-json\/wp\/v2\/users\/1"}],"replies":[{"embeddable":true,"href":"https:\/\/l2d.ch\/fr\/wp-json\/wp\/v2\/comments?post=3"}],"version-history":[{"count":7,"href":"https:\/\/l2d.ch\/fr\/wp-json\/wp\/v2\/pages\/3\/revisions"}],"predecessor-version":[{"id":755,"href":"https:\/\/l2d.ch\/fr\/wp-json\/wp\/v2\/pages\/3\/revisions\/755"}],"wp:attachment":[{"href":"https:\/\/l2d.ch\/fr\/wp-json\/wp\/v2\/media?parent=3"}],"curies":[{"name":"wp","href":"https:\/\/api.w.org\/{rel}","templated":true}]}}