{"id":694,"date":"2025-05-27T16:38:28","date_gmt":"2025-05-27T15:38:28","guid":{"rendered":"https:\/\/learntodrive.geekworkers.dev\/?page_id=694"},"modified":"2025-06-12T13:07:49","modified_gmt":"2025-06-12T12:07:49","slug":"about","status":"publish","type":"page","link":"https:\/\/l2d.ch\/fr\/about\/","title":{"rendered":"A propos de"},"content":{"rendered":"<div data-elementor-type=\"wp-page\" data-elementor-id=\"694\" class=\"elementor elementor-694\" data-elementor-post-type=\"page\">\n\t\t\t\t<div class=\"elementor-element elementor-element-39c4470 e-flex e-con-boxed e-con e-parent\" data-id=\"39c4470\" data-element_type=\"container\" data-e-type=\"container\" data-settings=\"{&quot;background_background&quot;:&quot;classic&quot;,&quot;jet_parallax_layout_list&quot;:[]}\">\n\t\t\t\t\t<div class=\"e-con-inner\">\n\t\t<div class=\"elementor-element elementor-element-e4c2bbb e-con-full e-flex e-con e-child\" data-id=\"e4c2bbb\" data-element_type=\"container\" data-e-type=\"container\" data-settings=\"{&quot;jet_parallax_layout_list&quot;:[]}\">\n\t\t\t\t<div class=\"elementor-element elementor-element-0eab4ba elementor-position-inline-start elementor-widget__width-auto elementor-mobile-position-inline-start elementor-view-default elementor-widget elementor-widget-icon-box\" data-id=\"0eab4ba\" data-element_type=\"widget\" data-e-type=\"widget\" data-widget_type=\"icon-box.default\">\n\t\t\t\t<div class=\"elementor-widget-container\">\n\t\t\t\t\t\t\t<div class=\"elementor-icon-box-wrapper\">\n\n\t\t\t\t\t\t<div class=\"elementor-icon-box-icon\">\n\t\t\t\t<span  class=\"elementor-icon\">\n\t\t\t\t<svg aria-hidden=\"true\" class=\"e-font-icon-svg e-fas-arrow-alt-circle-right\" viewbox=\"0 0 512 512\" xmlns=\"http:\/\/www.w3.org\/2000\/svg\"><path d=\"M256 8c137 0 248 111 248 248S393 504 256 504 8 393 8 256 119 8 256 8zM140 300h116v70.9c0 10.7 13 16.1 20.5 8.5l114.3-114.9c4.7-4.7 4.7-12.2 0-16.9l-114.3-115c-7.6-7.6-20.5-2.2-20.5 8.5V212H140c-6.6 0-12 5.4-12 12v64c0 6.6 5.4 12 12 12z\"><\/path><\/svg>\t\t\t\t<\/span>\n\t\t\t<\/div>\n\t\t\t\n\t\t\t\t\t\t<div class=\"elementor-icon-box-content\">\n\n\t\t\t\t\t\t\t\t\t<span class=\"elementor-icon-box-title\">\n\t\t\t\t\t\t<span  >\n\t\t\t\t\t\t\tDans un anglais correct\t\t\t\t\t\t<\/span>\n\t\t\t\t\t<\/span>\n\t\t\t\t\n\t\t\t\t\n\t\t\t<\/div>\n\t\t\t\n\t\t<\/div>\n\t\t\t\t\t\t<\/div>\n\t\t\t\t<\/div>\n\t\t\t\t<div class=\"elementor-element elementor-element-e820a60 elementor-widget elementor-widget-heading\" data-id=\"e820a60\" data-element_type=\"widget\" data-e-type=\"widget\" data-widget_type=\"heading.default\">\n\t\t\t\t<div class=\"elementor-widget-container\">\n\t\t\t\t\t<h1 class=\"elementor-heading-title elementor-size-default\">\u00c0 propos de L2Drive<\/h1>\t\t\t\t<\/div>\n\t\t\t\t<\/div>\n\t\t\t\t<div class=\"elementor-element elementor-element-56a40ec elementor-widget elementor-widget-heading\" data-id=\"56a40ec\" data-element_type=\"widget\" data-e-type=\"widget\" data-widget_type=\"heading.default\">\n\t\t\t\t<div class=\"elementor-widget-container\">\n\t\t\t\t\t<p class=\"elementor-heading-title elementor-size-default\">Nous avons une grande exp\u00e9rience de la conduite, ayant enseign\u00e9 \u00e0 des centaines d'\u00e9tudiants au cours des derni\u00e8res ann\u00e9es. L2D a tout ce qu'il faut pour faire de vous un conducteur exp\u00e9riment\u00e9 et confiant !<\/p>\t\t\t\t<\/div>\n\t\t\t\t<\/div>\n\t\t\t\t<div class=\"elementor-element elementor-element-ea47225 elementor-widget elementor-widget-button\" data-id=\"ea47225\" data-element_type=\"widget\" data-e-type=\"widget\" data-widget_type=\"button.default\">\n\t\t\t\t<div class=\"elementor-widget-container\">\n\t\t\t\t\t\t\t\t\t<div class=\"elementor-button-wrapper\">\n\t\t\t\t\t<a class=\"elementor-button elementor-button-link elementor-size-sm elementor-animation-grow\" href=\"#elementor-action%3Aaction%3Dpopup%3Aopen%26settings%3DeyJpZCI6IjQ3NyIsInRvZ2dsZSI6ZmFsc2V9\">\n\t\t\t\t\t\t<span class=\"elementor-button-content-wrapper\">\n\t\t\t\t\t\t\t\t\t<span class=\"elementor-button-text\">R\u00e9servez votre premi\u00e8re le\u00e7on d\u00e8s maintenant !<\/span>\n\t\t\t\t\t<\/span>\n\t\t\t\t\t<\/a>\n\t\t\t\t<\/div>\n\t\t\t\t\t\t\t\t<\/div>\n\t\t\t\t<\/div>\n\t\t\t\t<\/div>\n\t\t<div class=\"elementor-element elementor-element-050d2f8 e-con-full e-flex e-con e-child\" data-id=\"050d2f8\" data-element_type=\"container\" data-e-type=\"container\" data-settings=\"{&quot;jet_parallax_layout_list&quot;:[]}\">\n\t\t\t\t<div class=\"elementor-element elementor-element-a8ba088 elementor-widget elementor-widget-image\" data-id=\"a8ba088\" data-element_type=\"widget\" data-e-type=\"widget\" data-widget_type=\"image.default\">\n\t\t\t\t<div class=\"elementor-widget-container\">\n\t\t\t\t\t\t\t\t\t\t\t\t\t\t\t<img fetchpriority=\"high\" decoding=\"async\" width=\"800\" height=\"449\" src=\"https:\/\/l2d.ch\/wp-content\/uploads\/2025\/05\/IMG_4022.JPG-1024x575.jpg\" class=\"attachment-large size-large wp-image-626\" alt=\"\" srcset=\"https:\/\/l2d.ch\/wp-content\/uploads\/2025\/05\/IMG_4022.JPG-1024x575.jpg 1024w, https:\/\/l2d.ch\/wp-content\/uploads\/2025\/05\/IMG_4022.JPG-300x168.jpg 300w, https:\/\/l2d.ch\/wp-content\/uploads\/2025\/05\/IMG_4022.JPG-768x431.jpg 768w, https:\/\/l2d.ch\/wp-content\/uploads\/2025\/05\/IMG_4022.JPG-600x337.jpg 600w, https:\/\/l2d.ch\/wp-content\/uploads\/2025\/05\/IMG_4022.JPG.jpg 1500w\" sizes=\"(max-width: 800px) 100vw, 800px\" \/>\t\t\t\t\t\t\t\t\t\t\t\t\t\t\t<\/div>\n\t\t\t\t<\/div>\n\t\t<div class=\"elementor-element elementor-element-16ac557 e-con-full e-flex e-con e-child\" data-id=\"16ac557\" data-element_type=\"container\" data-e-type=\"container\" data-settings=\"{&quot;background_background&quot;:&quot;classic&quot;,&quot;position&quot;:&quot;absolute&quot;,&quot;jet_parallax_layout_list&quot;:[]}\">\n\t\t\t\t<div class=\"elementor-element elementor-element-46d663f elementor-position-inline-start elementor-mobile-position-inline-start elementor-view-default elementor-widget elementor-widget-icon-box\" data-id=\"46d663f\" data-element_type=\"widget\" data-e-type=\"widget\" data-widget_type=\"icon-box.default\">\n\t\t\t\t<div class=\"elementor-widget-container\">\n\t\t\t\t\t\t\t<div class=\"elementor-icon-box-wrapper\">\n\n\t\t\t\t\t\t<div class=\"elementor-icon-box-icon\">\n\t\t\t\t<span  class=\"elementor-icon\">\n\t\t\t\t<svg aria-hidden=\"true\" class=\"e-font-icon-svg e-far-star\" viewbox=\"0 0 576 512\" xmlns=\"http:\/\/www.w3.org\/2000\/svg\"><path d=\"M528.1 171.5L382 150.2 316.7 17.8c-11.7-23.6-45.6-23.9-57.4 0L194 150.2 47.9 171.5c-26.2 3.8-36.7 36.1-17.7 54.6l105.7 103-25 145.5c-4.5 26.3 23.2 46 46.4 33.7L288 439.6l130.7 68.7c23.2 12.2 50.9-7.4 46.4-33.7l-25-145.5 105.7-103c19-18.5 8.5-50.8-17.7-54.6zM388.6 312.3l23.7 138.4L288 385.4l-124.3 65.3 23.7-138.4-100.6-98 139-20.2 62.2-126 62.2 126 139 20.2-100.6 98z\"><\/path><\/svg>\t\t\t\t<\/span>\n\t\t\t<\/div>\n\t\t\t\n\t\t\t\t\t\t<div class=\"elementor-icon-box-content\">\n\n\t\t\t\t\t\t\t\t\t<span class=\"elementor-icon-box-title\">\n\t\t\t\t\t\t<span  >\n\t\t\t\t\t\t\t4.9\t\t\t\t\t\t<\/span>\n\t\t\t\t\t<\/span>\n\t\t\t\t\n\t\t\t\t\n\t\t\t<\/div>\n\t\t\t\n\t\t<\/div>\n\t\t\t\t\t\t<\/div>\n\t\t\t\t<\/div>\n\t\t\t\t<div class=\"elementor-element elementor-element-9b753d9 elementor-widget elementor-widget-heading\" data-id=\"9b753d9\" data-element_type=\"widget\" data-e-type=\"widget\" data-widget_type=\"heading.default\">\n\t\t\t\t<div class=\"elementor-widget-container\">\n\t\t\t\t\t<p class=\"elementor-heading-title elementor-size-default\">Service de qualit\u00e9<\/p>\t\t\t\t<\/div>\n\t\t\t\t<\/div>\n\t\t\t\t<\/div>\n\t\t\t\t<\/div>\n\t\t\t\t\t<\/div>\n\t\t\t\t<\/div>\n\t\t<div class=\"elementor-element elementor-element-8d4db3d e-flex e-con-boxed e-con e-parent\" data-id=\"8d4db3d\" data-element_type=\"container\" data-e-type=\"container\" data-settings=\"{&quot;background_background&quot;:&quot;classic&quot;,&quot;jet_parallax_layout_list&quot;:[]}\">\n\t\t\t\t\t<div class=\"e-con-inner\">\n\t\t<div class=\"elementor-element elementor-element-169f7ff e-con-full e-flex e-con e-child\" data-id=\"169f7ff\" data-element_type=\"container\" data-e-type=\"container\" data-settings=\"{&quot;background_background&quot;:&quot;classic&quot;,&quot;jet_parallax_layout_list&quot;:[]}\">\n\t\t<div class=\"elementor-element elementor-element-60f2ee3 e-con-full e-flex e-con e-child\" data-id=\"60f2ee3\" data-element_type=\"container\" data-e-type=\"container\" data-settings=\"{&quot;jet_parallax_layout_list&quot;:[],&quot;background_background&quot;:&quot;classic&quot;}\">\n\t\t<div class=\"elementor-element elementor-element-87647cd e-con-full e-flex e-con e-child\" data-id=\"87647cd\" data-element_type=\"container\" data-e-type=\"container\" data-settings=\"{&quot;jet_parallax_layout_list&quot;:[]}\">\n\t\t\t\t<div class=\"elementor-element elementor-element-d837707 elementor-widget elementor-widget-heading\" data-id=\"d837707\" data-element_type=\"widget\" data-e-type=\"widget\" data-widget_type=\"heading.default\">\n\t\t\t\t<div class=\"elementor-widget-container\">\n\t\t\t\t\t<h2 class=\"elementor-heading-title elementor-size-default\">Notre \u00e9quipe<\/h2>\t\t\t\t<\/div>\n\t\t\t\t<\/div>\n\t\t\t\t<div class=\"elementor-element elementor-element-399f059 elementor-widget elementor-widget-html\" data-id=\"399f059\" data-element_type=\"widget\" data-e-type=\"widget\" data-widget_type=\"html.default\">\n\t\t\t\t<div class=\"elementor-widget-container\">\n\t\t\t\t\t<script src=\"https:\/\/code.jquery.com\/jquery-3.6.0.min.js\"><\/script>\r\n<script>\r\n    $(document).ready(function(){\r\n        $('.profile-hov').on('mouseover', function(){\r\n            $(this).find('.cntnt-desc').addClass('show');\r\n        });\r\n        \r\n        $('.profile-hov').on('mouseout', function(){\r\n            $(this).find('.cntnt-desc').removeClass('show');\r\n        });\r\n    });\r\n<\/script>\t\t\t\t<\/div>\n\t\t\t\t<\/div>\n\t\t\t\t<\/div>\n\t\t<div class=\"elementor-element elementor-element-c05955a e-con-full e-flex e-con e-child\" data-id=\"c05955a\" data-element_type=\"container\" data-e-type=\"container\" data-settings=\"{&quot;jet_parallax_layout_list&quot;:[]}\">\n\t\t<div class=\"elementor-element elementor-element-2e2f2ba e-con-full profile-hov e-flex e-con e-child\" data-id=\"2e2f2ba\" data-element_type=\"container\" data-e-type=\"container\" data-settings=\"{&quot;background_background&quot;:&quot;classic&quot;,&quot;jet_parallax_layout_list&quot;:[]}\">\n\t\t<div class=\"elementor-element elementor-element-f9143a2 e-con-full cntnt-desc e-flex e-con e-child\" data-id=\"f9143a2\" data-element_type=\"container\" data-e-type=\"container\" data-settings=\"{&quot;background_background&quot;:&quot;classic&quot;,&quot;jet_parallax_layout_list&quot;:[]}\">\n\t\t\t\t<div class=\"elementor-element elementor-element-1798418 elementor-widget elementor-widget-text-editor\" data-id=\"1798418\" data-element_type=\"widget\" data-e-type=\"widget\" data-widget_type=\"text-editor.default\">\n\t\t\t\t<div class=\"elementor-widget-container\">\n\t\t\t\t\t\t\t\t\t<div class=\"gb-container gb-container-21577b3f\"><div class=\"gb-container gb-container-de08d385\"><p>Bonjour, je m'appelle Kevin, je suis n\u00e9 en Suisse et j'ai grandi \u00e0 Gen\u00e8ve. Je parle couramment l'anglais, le fran\u00e7ais et le philippin et je peux comprendre l'espagnol.<\/p><p>Avant de devenir monitrice d'auto-\u00e9cole, je travaillais dans le commerce entre l'Asie et l'Europe, mais en 2018, j'ai d\u00e9cid\u00e9 de changer de carri\u00e8re et de devenir monitrice d'auto-\u00e9cole. J'ai commenc\u00e9 en 2018 \u00e0 aider les personnes qui avaient besoin d'\u00e9changer leur permis \u00e9tranger contre un permis suisse et depuis 2022, j'ai commenc\u00e9 \u00e0 donner des le\u00e7ons de conduite aux d\u00e9butants.<\/p><p>Je dirais que mes le\u00e7ons de conduite quotidiennes sont de l'ordre de 70 \u00e0 80 le\u00e7ons d'anglais %. Gen\u00e8ve et Lausanne sont des villes mondiales et je pense que chacun, quelle que soit sa langue maternelle, devrait avoir acc\u00e8s \u00e0 un enseignement de la conduite de qualit\u00e9.<\/p><\/div><\/div>\t\t\t\t\t\t\t\t<\/div>\n\t\t\t\t<\/div>\n\t\t\t\t<\/div>\n\t\t<div class=\"elementor-element elementor-element-55c2777 e-con-full e-flex e-con e-child\" data-id=\"55c2777\" data-element_type=\"container\" data-e-type=\"container\" data-settings=\"{&quot;background_background&quot;:&quot;classic&quot;,&quot;position&quot;:&quot;absolute&quot;,&quot;jet_parallax_layout_list&quot;:[]}\">\n\t\t\t\t<div class=\"elementor-element elementor-element-3a772af elementor-widget elementor-widget-heading\" data-id=\"3a772af\" data-element_type=\"widget\" data-e-type=\"widget\" data-widget_type=\"heading.default\">\n\t\t\t\t<div class=\"elementor-widget-container\">\n\t\t\t\t\t<h3 class=\"elementor-heading-title elementor-size-default\">Kevin Lugon<\/h3>\t\t\t\t<\/div>\n\t\t\t\t<\/div>\n\t\t\t\t<div class=\"elementor-element elementor-element-e6889d1 elementor-widget elementor-widget-heading\" data-id=\"e6889d1\" data-element_type=\"widget\" data-e-type=\"widget\" data-widget_type=\"heading.default\">\n\t\t\t\t<div class=\"elementor-widget-container\">\n\t\t\t\t\t<span class=\"elementor-heading-title elementor-size-default\">Moniteurs d'auto-\u00e9cole<\/span>\t\t\t\t<\/div>\n\t\t\t\t<\/div>\n\t\t\t\t<\/div>\n\t\t\t\t<\/div>\n\t\t<div class=\"elementor-element elementor-element-6db4e96 e-con-full profile-hov e-flex e-con e-child\" data-id=\"6db4e96\" data-element_type=\"container\" data-e-type=\"container\" data-settings=\"{&quot;background_background&quot;:&quot;classic&quot;,&quot;jet_parallax_layout_list&quot;:[]}\">\n\t\t<div class=\"elementor-element elementor-element-97e6d63 e-con-full cntnt-desc e-flex e-con e-child\" data-id=\"97e6d63\" data-element_type=\"container\" data-e-type=\"container\" data-settings=\"{&quot;background_background&quot;:&quot;classic&quot;,&quot;jet_parallax_layout_list&quot;:[]}\">\n\t\t\t\t<div class=\"elementor-element elementor-element-c838da6 elementor-widget elementor-widget-text-editor\" data-id=\"c838da6\" data-element_type=\"widget\" data-e-type=\"widget\" data-widget_type=\"text-editor.default\">\n\t\t\t\t<div class=\"elementor-widget-container\">\n\t\t\t\t\t\t\t\t\t<p>Bonjour, je suis S\u00e9bastien. Je suis 100% suisse et je vis \u00e0 Gen\u00e8ve depuis plus de 20 ans. Je parle bien s\u00fbr l'anglais, le fran\u00e7ais mais aussi l'italien et l'allemand.<\/p><p>J'ai fond\u00e9 une \u00e9cole priv\u00e9e en 2005 o\u00f9 j'enseignais le fran\u00e7ais, l'anglais, l'allemand, la comptabilit\u00e9, les math\u00e9matiques et d'autres mati\u00e8res scolaires. J'ai ensuite d\u00e9cid\u00e9 de devenir moniteur d'auto-\u00e9cole et j'ai fond\u00e9 quelques ann\u00e9es plus tard la plus grande auto-\u00e9cole de Suisse romande.<\/p><p>En parall\u00e8le, j'ai pu obtenir un Master en Psychologie \u00e0 l'Universit\u00e9. Cette formation m'aide certainement \u00e0 faire face \u00e0 des situations d'apprentissage sp\u00e9cifiques telles que la phobie de la conduite, l'anxi\u00e9t\u00e9 ou les traumatismes li\u00e9s aux accidents. Je suis maintenant une psychologue certifi\u00e9e FSP (F\u00e9d\u00e9ration Suisse de Psychologie) et je me sp\u00e9cialise actuellement dans la psychologie du trafic.<\/p>\t\t\t\t\t\t\t\t<\/div>\n\t\t\t\t<\/div>\n\t\t\t\t<\/div>\n\t\t<div class=\"elementor-element elementor-element-c9cc272 e-con-full e-flex e-con e-child\" data-id=\"c9cc272\" data-element_type=\"container\" data-e-type=\"container\" data-settings=\"{&quot;background_background&quot;:&quot;classic&quot;,&quot;position&quot;:&quot;absolute&quot;,&quot;jet_parallax_layout_list&quot;:[]}\">\n\t\t\t\t<div class=\"elementor-element elementor-element-1730fea elementor-widget elementor-widget-heading\" data-id=\"1730fea\" data-element_type=\"widget\" data-e-type=\"widget\" data-widget_type=\"heading.default\">\n\t\t\t\t<div class=\"elementor-widget-container\">\n\t\t\t\t\t<h3 class=\"elementor-heading-title elementor-size-default\">S\u00e9bastien Ramseyer<\/h3>\t\t\t\t<\/div>\n\t\t\t\t<\/div>\n\t\t\t\t<div class=\"elementor-element elementor-element-c5b2c80 elementor-widget elementor-widget-heading\" data-id=\"c5b2c80\" data-element_type=\"widget\" data-e-type=\"widget\" data-widget_type=\"heading.default\">\n\t\t\t\t<div class=\"elementor-widget-container\">\n\t\t\t\t\t<span class=\"elementor-heading-title elementor-size-default\">Moniteurs d'auto-\u00e9cole SPF Psychologue<\/span>\t\t\t\t<\/div>\n\t\t\t\t<\/div>\n\t\t\t\t<\/div>\n\t\t\t\t<\/div>\n\t\t\t\t<\/div>\n\t\t\t\t<\/div>\n\t\t<div class=\"elementor-element elementor-element-7538b14 e-con-full e-flex e-con e-child\" data-id=\"7538b14\" data-element_type=\"container\" data-e-type=\"container\" data-settings=\"{&quot;jet_parallax_layout_list&quot;:[],&quot;background_background&quot;:&quot;classic&quot;}\">\n\t\t<div class=\"elementor-element elementor-element-07ad3d6 e-con-full e-flex e-con e-child\" data-id=\"07ad3d6\" data-element_type=\"container\" data-e-type=\"container\" data-settings=\"{&quot;jet_parallax_layout_list&quot;:[]}\">\n\t\t\t\t<div class=\"elementor-element elementor-element-242dfaa elementor-widget elementor-widget-heading\" data-id=\"242dfaa\" data-element_type=\"widget\" data-e-type=\"widget\" data-widget_type=\"heading.default\">\n\t\t\t\t<div class=\"elementor-widget-container\">\n\t\t\t\t\t<h3 class=\"elementor-heading-title elementor-size-default\">Le\u00e7ons personnalis\u00e9es<\/h3>\t\t\t\t<\/div>\n\t\t\t\t<\/div>\n\t\t\t\t<div class=\"elementor-element elementor-element-1e04b87 elementor-widget elementor-widget-text-editor\" data-id=\"1e04b87\" data-element_type=\"widget\" data-e-type=\"widget\" data-widget_type=\"text-editor.default\">\n\t\t\t\t<div class=\"elementor-widget-container\">\n\t\t\t\t\t\t\t\t\t<p>Nous adaptons nos le\u00e7ons de conduite \u00e0 vos besoins et objectifs sp\u00e9cifiques. Que vous deviez passer votre examen de conduite suisse ou que vous souhaitiez devenir un conducteur plus confiant, nous avons ce qu'il vous faut. D'ailleurs, avec notre programme de fid\u00e9lit\u00e9, vous n'aurez pas \u00e0 choisir un nombre sp\u00e9cifique de cours. Que vous ayez besoin de 1, 3 ou 15 cours, notre programme de fid\u00e9lit\u00e9 s'adaptera \u00e0 VOS besoins sp\u00e9cifiques.<\/p>\t\t\t\t\t\t\t\t<\/div>\n\t\t\t\t<\/div>\n\t\t\t\t<\/div>\n\t\t<div class=\"elementor-element elementor-element-2ef5182 e-con-full e-flex e-con e-child\" data-id=\"2ef5182\" data-element_type=\"container\" data-e-type=\"container\" data-settings=\"{&quot;jet_parallax_layout_list&quot;:[]}\">\n\t\t\t\t<div class=\"elementor-element elementor-element-567e3ac elementor-widget elementor-widget-heading\" data-id=\"567e3ac\" data-element_type=\"widget\" data-e-type=\"widget\" data-widget_type=\"heading.default\">\n\t\t\t\t<div class=\"elementor-widget-container\">\n\t\t\t\t\t<h3 class=\"elementor-heading-title elementor-size-default\">Un excellent soutien<\/h3>\t\t\t\t<\/div>\n\t\t\t\t<\/div>\n\t\t\t\t<div class=\"elementor-element elementor-element-98fab1c elementor-widget elementor-widget-text-editor\" data-id=\"98fab1c\" data-element_type=\"widget\" data-e-type=\"widget\" data-widget_type=\"text-editor.default\">\n\t\t\t\t<div class=\"elementor-widget-container\">\n\t\t\t\t\t\t\t\t\t<p>Nous r\u00e9pondons \u00e0 vos appels du lundi au samedi de 10h \u00e0 19h. Si vous ne parvenez pas \u00e0 nous joindre, vous pouvez \u00e9galement nous envoyer un courriel \u00e0 l'adresse info@l2d.ch. Nous pouvons \u00e9galement vous aider \u00e0 remplir le formulaire de demande aupr\u00e8s de l'OCV. Si vous avez besoin d'un traducteur pour votre \u00e9change de permis \u00e9tranger, vous pouvez nous contacter et nous vous donnerons les coordonn\u00e9es de traducteurs agr\u00e9\u00e9s avec lesquels nous travaillons.<\/p>\t\t\t\t\t\t\t\t<\/div>\n\t\t\t\t<\/div>\n\t\t\t\t<\/div>\n\t\t<div class=\"elementor-element elementor-element-1c85cda e-con-full e-flex e-con e-child\" data-id=\"1c85cda\" data-element_type=\"container\" data-e-type=\"container\" data-settings=\"{&quot;jet_parallax_layout_list&quot;:[]}\">\n\t\t\t\t<div class=\"elementor-element elementor-element-a709de4 elementor-widget elementor-widget-heading\" data-id=\"a709de4\" data-element_type=\"widget\" data-e-type=\"widget\" data-widget_type=\"heading.default\">\n\t\t\t\t<div class=\"elementor-widget-container\">\n\t\t\t\t\t<h3 class=\"elementor-heading-title elementor-size-default\">Conduite durable<\/h3>\t\t\t\t<\/div>\n\t\t\t\t<\/div>\n\t\t\t\t<div class=\"elementor-element elementor-element-13bbb75 elementor-widget elementor-widget-text-editor\" data-id=\"13bbb75\" data-element_type=\"widget\" data-e-type=\"widget\" data-widget_type=\"text-editor.default\">\n\t\t\t\t<div class=\"elementor-widget-container\">\n\t\t\t\t\t\t\t\t\t<p>Nous croyons sinc\u00e8rement que la conduite et le d\u00e9veloppement durable sont possibles. Avec notre partenaire Mercedes-Benz, nous sommes fiers d'\u00eatre la seule \u00e9cole de conduite de Gen\u00e8ve et Vaud \u00e0 n'utiliser que des voitures de nouvelle technologie, \u00e9lectriques et hybrides.<\/p>\t\t\t\t\t\t\t\t<\/div>\n\t\t\t\t<\/div>\n\t\t\t\t<\/div>\n\t\t<div class=\"elementor-element elementor-element-a94ace3 e-con-full e-flex e-con e-child\" data-id=\"a94ace3\" data-element_type=\"container\" data-e-type=\"container\" data-settings=\"{&quot;jet_parallax_layout_list&quot;:[]}\">\n\t\t\t\t<div class=\"elementor-element elementor-element-78c5778 elementor-widget elementor-widget-heading\" data-id=\"78c5778\" data-element_type=\"widget\" data-e-type=\"widget\" data-widget_type=\"heading.default\">\n\t\t\t\t<div class=\"elementor-widget-container\">\n\t\t\t\t\t<h3 class=\"elementor-heading-title elementor-size-default\">Horaire flexible<\/h3>\t\t\t\t<\/div>\n\t\t\t\t<\/div>\n\t\t\t\t<div class=\"elementor-element elementor-element-b42608c elementor-widget elementor-widget-text-editor\" data-id=\"b42608c\" data-element_type=\"widget\" data-e-type=\"widget\" data-widget_type=\"text-editor.default\">\n\t\t\t\t<div class=\"elementor-widget-container\">\n\t\t\t\t\t\t\t\t\t<p>Nous comprenons que la vie peut \u00eatre occup\u00e9e, c'est pourquoi nous offrons des options d'horaires flexibles pour s'adapter \u00e0 votre disponibilit\u00e9. Nous commen\u00e7ons les le\u00e7ons de conduite \u00e0 partir de plusieurs endroits et nous enseignons \u00e9galement pendant les week-ends.<\/p>\t\t\t\t\t\t\t\t<\/div>\n\t\t\t\t<\/div>\n\t\t\t\t<\/div>\n\t\t<div class=\"elementor-element elementor-element-b65856f e-con-full e-flex e-con e-child\" data-id=\"b65856f\" data-element_type=\"container\" data-e-type=\"container\" data-settings=\"{&quot;jet_parallax_layout_list&quot;:[]}\">\n\t\t\t\t<div class=\"elementor-element elementor-element-4d1f489 elementor-widget elementor-widget-heading\" data-id=\"4d1f489\" data-element_type=\"widget\" data-e-type=\"widget\" data-widget_type=\"heading.default\">\n\t\t\t\t<div class=\"elementor-widget-container\">\n\t\t\t\t\t<h3 class=\"elementor-heading-title elementor-size-default\">Instructeurs exp\u00e9riment\u00e9s<\/h3>\t\t\t\t<\/div>\n\t\t\t\t<\/div>\n\t\t\t\t<div class=\"elementor-element elementor-element-dd10e44 elementor-widget elementor-widget-text-editor\" data-id=\"dd10e44\" data-element_type=\"widget\" data-e-type=\"widget\" data-widget_type=\"text-editor.default\">\n\t\t\t\t<div class=\"elementor-widget-container\">\n\t\t\t\t\t\t\t\t\t<p>Notre \u00e9quipe d'instructeurs certifi\u00e9s a des ann\u00e9es d'exp\u00e9rience dans l'enseignement \u00e0 des personnes de tous \u00e2ges et de tous niveaux. Nous sommes patients, comp\u00e9tents et d\u00e9termin\u00e9s \u00e0 vous aider \u00e0 r\u00e9ussir.<\/p>\t\t\t\t\t\t\t\t<\/div>\n\t\t\t\t<\/div>\n\t\t\t\t<\/div>\n\t\t\t\t<\/div>\n\t\t\t\t<\/div>\n\t\t\t\t\t<\/div>\n\t\t\t\t<\/div>\n\t\t\t\t<\/div>","protected":false},"excerpt":{"rendered":"<p>In proper english About L2Drive We have extensive driving proficiency, having taught hundreds of students over the past years. L2D has what it takes to make you a confident experienced driver! Book your first lesson now! 4.9 Quality Service Our team Hi ! I\u2019m Kevin, I am Swiss\/Filipino born and raised in Geneva. I speak [&hellip;]<\/p>\n","protected":false},"author":1,"featured_media":0,"parent":0,"menu_order":0,"comment_status":"closed","ping_status":"closed","template":"","meta":{"footnotes":""},"class_list":["post-694","page","type-page","status-publish","hentry"],"_links":{"self":[{"href":"https:\/\/l2d.ch\/fr\/wp-json\/wp\/v2\/pages\/694","targetHints":{"allow":["GET"]}}],"collection":[{"href":"https:\/\/l2d.ch\/fr\/wp-json\/wp\/v2\/pages"}],"about":[{"href":"https:\/\/l2d.ch\/fr\/wp-json\/wp\/v2\/types\/page"}],"author":[{"embeddable":true,"href":"https:\/\/l2d.ch\/fr\/wp-json\/wp\/v2\/users\/1"}],"replies":[{"embeddable":true,"href":"https:\/\/l2d.ch\/fr\/wp-json\/wp\/v2\/comments?post=694"}],"version-history":[{"count":5,"href":"https:\/\/l2d.ch\/fr\/wp-json\/wp\/v2\/pages\/694\/revisions"}],"predecessor-version":[{"id":701,"href":"https:\/\/l2d.ch\/fr\/wp-json\/wp\/v2\/pages\/694\/revisions\/701"}],"wp:attachment":[{"href":"https:\/\/l2d.ch\/fr\/wp-json\/wp\/v2\/media?parent=694"}],"curies":[{"name":"wp","href":"https:\/\/api.w.org\/{rel}","templated":true}]}}