{"id":368,"date":"2025-03-03T20:59:21","date_gmt":"2025-03-03T19:59:21","guid":{"rendered":"https:\/\/learntodrive.geekworkers.dev\/?post_type=product&#038;p=368"},"modified":"2026-01-07T11:35:48","modified_gmt":"2026-01-07T10:35:48","slug":"car-practice-24-driving-lessons-package","status":"publish","type":"product","link":"https:\/\/l2d.ch\/fr\/course\/car-practice-24-driving-lessons-package\/","title":{"rendered":"Pratique automobile : forfait de 12 le\u00e7ons de conduite"},"content":{"rendered":"<p class=\"gb-headline gb-headline-6c6d8b6b gb-headline-text\">Forfait de 12 le\u00e7ons de conduite<\/p>\n<p>**12 mois de validit\u00e9 \u00e0 partir de la date d'achat<\/p>","protected":false},"excerpt":{"rendered":"<p>Forfait de 12 le\u00e7ons de conduite **12 mois de validit\u00e9 \u00e0 partir de la date d'achat<\/p>","protected":false},"featured_media":814,"template":"","meta":[],"product_brand":[],"product_cat":[23],"product_tag":[],"class_list":{"0":"post-368","1":"product","2":"type-product","3":"status-publish","4":"has-post-thumbnail","6":"product_cat-packages","8":"first","9":"instock","10":"sale","11":"shipping-taxable","12":"purchasable","13":"product-type-simple"},"_links":{"self":[{"href":"https:\/\/l2d.ch\/fr\/wp-json\/wp\/v2\/product\/368","targetHints":{"allow":["GET"]}}],"collection":[{"href":"https:\/\/l2d.ch\/fr\/wp-json\/wp\/v2\/product"}],"about":[{"href":"https:\/\/l2d.ch\/fr\/wp-json\/wp\/v2\/types\/product"}],"wp:featuredmedia":[{"embeddable":true,"href":"https:\/\/l2d.ch\/fr\/wp-json\/wp\/v2\/media\/814"}],"wp:attachment":[{"href":"https:\/\/l2d.ch\/fr\/wp-json\/wp\/v2\/media?parent=368"}],"wp:term":[{"taxonomy":"product_brand","embeddable":true,"href":"https:\/\/l2d.ch\/fr\/wp-json\/wp\/v2\/product_brand?post=368"},{"taxonomy":"product_cat","embeddable":true,"href":"https:\/\/l2d.ch\/fr\/wp-json\/wp\/v2\/product_cat?post=368"},{"taxonomy":"product_tag","embeddable":true,"href":"https:\/\/l2d.ch\/fr\/wp-json\/wp\/v2\/product_tag?post=368"}],"curies":[{"name":"wp","href":"https:\/\/api.w.org\/{rel}","templated":true}]}}