{"id":383,"date":"2025-03-03T21:24:04","date_gmt":"2025-03-03T20:24:04","guid":{"rendered":"https:\/\/learntodrive.geekworkers.dev\/?post_type=product&#038;p=383"},"modified":"2025-03-13T12:15:57","modified_gmt":"2025-03-13T11:15:57","slug":"car-practice","status":"publish","type":"product","link":"https:\/\/l2d.ch\/fr\/course\/car-practice\/","title":{"rendered":"Pratique automobile"},"content":{"rendered":"<p class=\"gb-headline gb-headline-38bd538e gb-headline-text\">Maintenant que vous avez votre permis d'\u00e9l\u00e8ve, vous pouvez vous entra\u00eener avec votre famille et\/ou avec l'un de nos moniteurs de conduite anglophones.<\/p>\n<h3 class=\"gb-headline gb-headline-a6c96d6e gb-headline-text\">Th\u00e8mes<\/h3>\n<ul>\n<li class=\"gb-headline gb-headline-5270a925\"><span class=\"gb-headline-text\">Direction<\/span><\/li>\n<li class=\"gb-headline gb-headline-610dd3d5\"><span class=\"gb-headline-text\">Acc\u00e9l\u00e9rateur<\/span><\/li>\n<li class=\"gb-headline gb-headline-29c39949\"><span class=\"gb-headline-text\">Frein<\/span><\/li>\n<li class=\"gb-headline gb-headline-7024ebd9\"><span class=\"gb-headline-text\">R\u00e9troviseurs et contr\u00f4le des angles morts<\/span><\/li>\n<li class=\"gb-headline gb-headline-0bf8156b\"><span class=\"gb-headline-text\">Droit de passage<\/span><\/li>\n<li class=\"gb-headline gb-headline-2ca59a6a\"><span class=\"gb-headline-text\">Autoroute<\/span><\/li>\n<li class=\"gb-headline gb-headline-c2a24cd7\"><span class=\"gb-headline-text\">Examen blanc<\/span><\/li>\n<\/ul>","protected":false},"excerpt":{"rendered":"<p class=\"gb-headline gb-headline-38bd538e gb-headline-text\">Maintenant que vous avez votre permis d'\u00e9l\u00e8ve, vous pouvez vous entra\u00eener avec votre famille et\/ou avec l'un de nos moniteurs de conduite anglophones.<\/p>\n<p>* Valable jusqu'au 31 mars 2025<\/p>","protected":false},"featured_media":384,"template":"","meta":[],"product_brand":[],"product_cat":[22],"product_tag":[],"class_list":{"0":"post-383","1":"product","2":"type-product","3":"status-publish","4":"has-post-thumbnail","6":"product_cat-practical-courses","8":"first","9":"instock","10":"shipping-taxable","11":"product-type-external"},"_links":{"self":[{"href":"https:\/\/l2d.ch\/fr\/wp-json\/wp\/v2\/product\/383","targetHints":{"allow":["GET"]}}],"collection":[{"href":"https:\/\/l2d.ch\/fr\/wp-json\/wp\/v2\/product"}],"about":[{"href":"https:\/\/l2d.ch\/fr\/wp-json\/wp\/v2\/types\/product"}],"wp:featuredmedia":[{"embeddable":true,"href":"https:\/\/l2d.ch\/fr\/wp-json\/wp\/v2\/media\/384"}],"wp:attachment":[{"href":"https:\/\/l2d.ch\/fr\/wp-json\/wp\/v2\/media?parent=383"}],"wp:term":[{"taxonomy":"product_brand","embeddable":true,"href":"https:\/\/l2d.ch\/fr\/wp-json\/wp\/v2\/product_brand?post=383"},{"taxonomy":"product_cat","embeddable":true,"href":"https:\/\/l2d.ch\/fr\/wp-json\/wp\/v2\/product_cat?post=383"},{"taxonomy":"product_tag","embeddable":true,"href":"https:\/\/l2d.ch\/fr\/wp-json\/wp\/v2\/product_tag?post=383"}],"curies":[{"name":"wp","href":"https:\/\/api.w.org\/{rel}","templated":true}]}}