{"id":385,"date":"2025-03-03T21:27:24","date_gmt":"2025-03-03T20:27:24","guid":{"rendered":"https:\/\/learntodrive.geekworkers.dev\/?post_type=product&#038;p=385"},"modified":"2025-03-13T12:15:39","modified_gmt":"2025-03-13T11:15:39","slug":"foreign-license-exchange","status":"publish","type":"product","link":"https:\/\/l2d.ch\/fr\/course\/foreign-license-exchange\/","title":{"rendered":"\u00c9change de permis \u00e9trangers"},"content":{"rendered":"<p class=\"gb-headline gb-headline-38bd538e gb-headline-text\">Vous souhaitez \u00e9changer votre permis de conduire ? Bravo ! Nous vous donnons tous les conseils n\u00e9cessaires pour r\u00e9ussir la conversion de votre permis \u00e9tranger en permis suisse.<\/p>\n<h3 class=\"gb-headline gb-headline-a6c96d6e gb-headline-text\">Th\u00e8mes<\/h3>\n<ul>\n<li class=\"gb-headline gb-headline-3ff85dbb\"><span class=\"gb-headline-text\">\u00c9valuation de la conduite<\/span><\/li>\n<li class=\"gb-headline gb-headline-6db59628\"><span class=\"gb-headline-text\">Ajustements de la conduite<\/span><\/li>\n<li class=\"gb-headline gb-headline-cc1bf750\"><span class=\"gb-headline-text\">Examen blanc<\/span><\/li>\n<li class=\"gb-headline gb-headline-be88e5e8\"><span class=\"gb-headline-text\">Examen de conduite \u00e0 l'OCV<\/span><\/li>\n<\/ul>","protected":false},"excerpt":{"rendered":"<p class=\"gb-headline gb-headline-38bd538e gb-headline-text\">Vous souhaitez \u00e9changer votre permis de conduire ? Bravo ! Nous vous donnons tous les conseils n\u00e9cessaires pour r\u00e9ussir la conversion de votre permis \u00e9tranger en permis suisse.<\/p>\n<p>* Valable jusqu'au 31 mars 2025<\/p>","protected":false},"featured_media":386,"template":"","meta":[],"product_brand":[],"product_cat":[22],"product_tag":[],"class_list":{"0":"post-385","1":"product","2":"type-product","3":"status-publish","4":"has-post-thumbnail","6":"product_cat-practical-courses","8":"first","9":"instock","10":"shipping-taxable","11":"product-type-external"},"_links":{"self":[{"href":"https:\/\/l2d.ch\/fr\/wp-json\/wp\/v2\/product\/385","targetHints":{"allow":["GET"]}}],"collection":[{"href":"https:\/\/l2d.ch\/fr\/wp-json\/wp\/v2\/product"}],"about":[{"href":"https:\/\/l2d.ch\/fr\/wp-json\/wp\/v2\/types\/product"}],"wp:featuredmedia":[{"embeddable":true,"href":"https:\/\/l2d.ch\/fr\/wp-json\/wp\/v2\/media\/386"}],"wp:attachment":[{"href":"https:\/\/l2d.ch\/fr\/wp-json\/wp\/v2\/media?parent=385"}],"wp:term":[{"taxonomy":"product_brand","embeddable":true,"href":"https:\/\/l2d.ch\/fr\/wp-json\/wp\/v2\/product_brand?post=385"},{"taxonomy":"product_cat","embeddable":true,"href":"https:\/\/l2d.ch\/fr\/wp-json\/wp\/v2\/product_cat?post=385"},{"taxonomy":"product_tag","embeddable":true,"href":"https:\/\/l2d.ch\/fr\/wp-json\/wp\/v2\/product_tag?post=385"}],"curies":[{"name":"wp","href":"https:\/\/api.w.org\/{rel}","templated":true}]}}