{"id":553,"date":"2025-03-27T21:10:55","date_gmt":"2025-03-27T20:10:55","guid":{"rendered":"https:\/\/learntodrive.geekworkers.dev\/?post_type=product&#038;p=553"},"modified":"2025-04-22T20:18:50","modified_gmt":"2025-04-22T19:18:50","slug":"motors-boat-lesson","status":"publish","type":"product","link":"https:\/\/l2d.ch\/fr\/course\/motors-boat-lesson\/","title":{"rendered":"Le\u00e7on de bateau \u00e0 moteur"},"content":{"rendered":"<p>Chaque session pr\u00e9pare le candidat \u00e0 l'examen pour l'obtention du permis suisse, cat\u00e9gories A, bateaux motoris\u00e9s de plus de 8 CV.<\/p>\n<p>Pour passer l'examen, le candidat doit ma\u00eetriser diff\u00e9rentes man\u0153uvres : faire demi-tour dans un chenal \u00e9troit, entrer dans une place d'amarrage en marche avant et en marche arri\u00e8re, accoster un ponton \u00e0 tribord et \u00e0 b\u00e2bord en marche avant et en marche arri\u00e8re, prendre une bou\u00e9e, r\u00e9cup\u00e9rer un homme tomb\u00e9 \u00e0 l'eau, jeter l'ancre, conna\u00eetre 8 n\u0153uds nautiques, d\u00e9terminer un cap sur la carte marine, prendre un rel\u00e8vement, appliquer les diff\u00e9rentes r\u00e8gles de s\u00e9curit\u00e9 \u00e0 bord, etc.<\/p>\n<p>Le bateau de cours et d'examen est un Littoral Alu de 5m50 \u00e9quip\u00e9 d'un moteur hors-bord de 100 CV.<\/p>\n<p>Toutes les man\u0153uvres se font dans le port \u00e0 l'exception de l'homme \u00e0 la mer, vous devez d\u00e9montrer un bon contr\u00f4le du bateau et de sa vitesse \u00e0 tout moment. L'examen se d\u00e9roule \u00e0 bord du m\u00eame bateau, un inspecteur de la SAN vient \u00e0 Port Choiseul de mai \u00e0 octobre, les autres mois les examens sont programm\u00e9s aux Eaux-Vives.<\/p>\n<p>Nous ne proposons que des cours de 1h1\/2 afin d'\u00e9viter trop de rendez-vous (d\u00e9placements) et d'avoir le temps de travailler toutes les man\u0153uvres \u00e0 chaque s\u00e9ance.<\/p>\n<div id=\"text\">\n<p><strong>Licence pr\u00e9par\u00e9e :<\/strong> Permis bateau \u00e0 moteur suisse<br \/>\n<strong>Pr\u00e9requis :<\/strong> avoir 18 ans, \u00eatre inscrit \u00e0 l'examen th\u00e9orique \u00e0 l'office des v\u00e9hicules \u00e0 moteur et de la navigation \u00e0 Carouge (t\u00e9l. 022\/343.02.00) ou avoir d\u00e9j\u00e0 r\u00e9ussi l'examen th\u00e9orique ou avoir le permis de naviguer.<br \/>\n<strong>Lieu du cours :<\/strong> Port Choiseul \u00e0 Versoix.<\/p>\n<\/div>","protected":false},"excerpt":{"rendered":"<p>\u00c9tape essentielle pour obtenir le permis bateau. On ne navigue pas sur un bateau comme on conduit une voiture. Il faut tenir compte du vent, des vagues, des courants. Les r\u00e8gles de navigation et de s\u00e9curit\u00e9 sont tr\u00e8s diff\u00e9rentes des r\u00e8gles de conduite.<\/p>\n<ul>\n<li>Cours de 90 minutes : <strong>150.-<\/strong><\/li>\n<li>Cours de 90 minutes avec votre propre bateau : <strong>100.-<\/strong><\/li>\n<li>8 le\u00e7ons de 90 minutes + examen : <strong>1\u2019180.-<\/strong><\/li>\n<li>Examen \u00e0 Port Choiseul : <strong>80.-<\/strong><\/li>\n<li>Examen dans un autre port de Gen\u00e8ve : <strong>120.-<\/strong><\/li>\n<\/ul>","protected":false},"featured_media":559,"template":"","meta":[],"product_brand":[],"product_cat":[24],"product_tag":[],"class_list":{"0":"post-553","1":"product","2":"type-product","3":"status-publish","4":"has-post-thumbnail","6":"product_cat-boat-course","8":"first","9":"instock","10":"shipping-taxable","11":"product-type-external"},"_links":{"self":[{"href":"https:\/\/l2d.ch\/fr\/wp-json\/wp\/v2\/product\/553","targetHints":{"allow":["GET"]}}],"collection":[{"href":"https:\/\/l2d.ch\/fr\/wp-json\/wp\/v2\/product"}],"about":[{"href":"https:\/\/l2d.ch\/fr\/wp-json\/wp\/v2\/types\/product"}],"wp:featuredmedia":[{"embeddable":true,"href":"https:\/\/l2d.ch\/fr\/wp-json\/wp\/v2\/media\/559"}],"wp:attachment":[{"href":"https:\/\/l2d.ch\/fr\/wp-json\/wp\/v2\/media?parent=553"}],"wp:term":[{"taxonomy":"product_brand","embeddable":true,"href":"https:\/\/l2d.ch\/fr\/wp-json\/wp\/v2\/product_brand?post=553"},{"taxonomy":"product_cat","embeddable":true,"href":"https:\/\/l2d.ch\/fr\/wp-json\/wp\/v2\/product_cat?post=553"},{"taxonomy":"product_tag","embeddable":true,"href":"https:\/\/l2d.ch\/fr\/wp-json\/wp\/v2\/product_tag?post=553"}],"curies":[{"name":"wp","href":"https:\/\/api.w.org\/{rel}","templated":true}]}}