{"id":795,"date":"2025-11-05T15:51:58","date_gmt":"2025-11-05T14:51:58","guid":{"rendered":"https:\/\/l2d.ch\/?post_type=product&#038;p=795"},"modified":"2025-11-05T15:51:58","modified_gmt":"2025-11-05T14:51:58","slug":"exam-presentation","status":"publish","type":"product","link":"https:\/\/l2d.ch\/fr\/course\/exam-presentation\/","title":{"rendered":"Pr\u00e9sentation de l'examen"},"content":{"rendered":"<p>Pr\u00e9parez-vous \u00e0 r\u00e9ussir votre examen pratique de conduite avec notre <strong>Pr\u00e9sentation de l'examen<\/strong> session. Cette formation cibl\u00e9e est con\u00e7ue pour simuler les conditions r\u00e9elles d'examen et vous aider \u00e0 ma\u00eetriser les \u00e9l\u00e9ments cl\u00e9s \u00e9valu\u00e9s lors du test. Que vous soyez nerveux ou que vous souhaitiez simplement affiner vos comp\u00e9tences, nos instructeurs anglophones vous guideront \u00e0 chaque \u00e9tape.<\/p>","protected":false},"excerpt":{"rendered":"<p>Pr\u00e9parez votre examen pratique de conduite en toute confiance gr\u00e2ce \u00e0 notre session de pr\u00e9sentation \u00e0 l'examen, guid\u00e9e par des instructeurs anglophones.<\/p>","protected":false},"featured_media":799,"template":"","meta":[],"product_brand":[],"product_cat":[22],"product_tag":[],"class_list":{"0":"post-795","1":"product","2":"type-product","3":"status-publish","4":"has-post-thumbnail","6":"product_cat-practical-courses","8":"first","9":"instock","10":"shipping-taxable","11":"product-type-external"},"_links":{"self":[{"href":"https:\/\/l2d.ch\/fr\/wp-json\/wp\/v2\/product\/795","targetHints":{"allow":["GET"]}}],"collection":[{"href":"https:\/\/l2d.ch\/fr\/wp-json\/wp\/v2\/product"}],"about":[{"href":"https:\/\/l2d.ch\/fr\/wp-json\/wp\/v2\/types\/product"}],"wp:featuredmedia":[{"embeddable":true,"href":"https:\/\/l2d.ch\/fr\/wp-json\/wp\/v2\/media\/799"}],"wp:attachment":[{"href":"https:\/\/l2d.ch\/fr\/wp-json\/wp\/v2\/media?parent=795"}],"wp:term":[{"taxonomy":"product_brand","embeddable":true,"href":"https:\/\/l2d.ch\/fr\/wp-json\/wp\/v2\/product_brand?post=795"},{"taxonomy":"product_cat","embeddable":true,"href":"https:\/\/l2d.ch\/fr\/wp-json\/wp\/v2\/product_cat?post=795"},{"taxonomy":"product_tag","embeddable":true,"href":"https:\/\/l2d.ch\/fr\/wp-json\/wp\/v2\/product_tag?post=795"}],"curies":[{"name":"wp","href":"https:\/\/api.w.org\/{rel}","templated":true}]}}